{"id":4429,"date":"2025-11-04T15:08:24","date_gmt":"2025-11-04T21:08:24","guid":{"rendered":"https:\/\/municiudadvieja.gob.gt\/laip\/?page_id=4429"},"modified":"2025-11-04T15:33:29","modified_gmt":"2025-11-04T21:33:29","slug":"29-otros-comude","status":"publish","type":"page","link":"https:\/\/municiudadvieja.gob.gt\/laip\/29-otros-comude\/","title":{"rendered":"29. Otros COMUDE"},"content":{"rendered":"\n\n\n<h1 style=\"text-align: center; background-color: rgb(80, 83, 188);\"><span style=\"font-weight: bolder; color: rgb(255, 255, 255);\">INFORMACI\u00d3N P\u00daBLICA COMUDE CIUDAD VIEJA, SACATEP\u00c9QUEZ<\/span><\/h1>\n\n\n\n\n<h2 style=\"color: rgb(255, 255, 255);\">Otra informaci\u00f3n<\/h2>\n\n\n\n\n\nPol\u00edtica Municipal\nMemoria de Labores 2020\nMemoria de Labores 2021\nMemoria de Labores 2022\nMemoria de Labores 2023\nMemoria de Labores 2024\nInforme  Anual 2020 OLAIP\nInforme  Anual 2021 OLAIP\nInforme  Anual 2022 OLAIP\nInforme  Anual 2023 OLAIP\nInforme  Anual 2024 OLAIP\nInforme preliminar anual 2020\nInforme preliminar anual 2021\nInforme preliminar anual 2022\nInforme preliminar anual 2023\nInforme preliminar anual 2024\n\n\n\n","protected":false},"excerpt":{"rendered":"","protected":false},"author":5,"featured_media":0,"parent":0,"menu_order":0,"comment_status":"closed","ping_status":"closed","template":"","meta":{"pagelayer_contact_templates":[],"_pagelayer_content":"","_joinchat":[],"footnotes":""},"class_list":["post-4429","page","type-page","status-publish","hentry"],"_links":{"self":[{"href":"https:\/\/municiudadvieja.gob.gt\/laip\/wp-json\/wp\/v2\/pages\/4429"}],"collection":[{"href":"https:\/\/municiudadvieja.gob.gt\/laip\/wp-json\/wp\/v2\/pages"}],"about":[{"href":"https:\/\/municiudadvieja.gob.gt\/laip\/wp-json\/wp\/v2\/types\/page"}],"author":[{"embeddable":true,"href":"https:\/\/municiudadvieja.gob.gt\/laip\/wp-json\/wp\/v2\/users\/5"}],"replies":[{"embeddable":true,"href":"https:\/\/municiudadvieja.gob.gt\/laip\/wp-json\/wp\/v2\/comments?post=4429"}],"version-history":[{"count":3,"href":"https:\/\/municiudadvieja.gob.gt\/laip\/wp-json\/wp\/v2\/pages\/4429\/revisions"}],"predecessor-version":[{"id":4459,"href":"https:\/\/municiudadvieja.gob.gt\/laip\/wp-json\/wp\/v2\/pages\/4429\/revisions\/4459"}],"wp:attachment":[{"href":"https:\/\/municiudadvieja.gob.gt\/laip\/wp-json\/wp\/v2\/media?parent=4429"}],"curies":[{"name":"wp","href":"https:\/\/api.w.org\/{rel}","templated":true}]}}