{"id":4427,"date":"2025-11-04T15:07:53","date_gmt":"2025-11-04T21:07:53","guid":{"rendered":"https:\/\/municiudadvieja.gob.gt\/laip\/?page_id=4427"},"modified":"2026-03-02T12:00:17","modified_gmt":"2026-03-02T18:00:17","slug":"27-informacion-clasificada-comude","status":"publish","type":"page","link":"https:\/\/municiudadvieja.gob.gt\/laip\/27-informacion-clasificada-comude\/","title":{"rendered":"27. INFORMACI\u00d3N CLASIFICADA COMUDE"},"content":{"rendered":"\n\n\n<h1 style=\"text-align: center; background-color: rgb(80, 83, 188);\"><span style=\"font-weight: bolder; color: rgb(255, 255, 255);\">INFORMACI\u00d3N P\u00daBLICA COMUDE CIUDAD VIEJA, SACATEP\u00c9QUEZ<\/span><\/h1>\n\n\n\n\n<h2 style=\"color: rgb(255, 255, 255);\">Informaci\u00f3n Clasificada<\/h2>\n\n\n\n\n\n\n\n\n<iframe loading=\"lazy\" src=\"https:\/\/drive.google.com\/file\/d\/1Guf2FW7dovwaL-I6ICUTwLGbMNB6tW6W\/preview\" width=\"640\" height=\"480\"><\/iframe>\n\n\n\n\n\n\n<iframe loading=\"lazy\" src=\"https:\/\/drive.google.com\/file\/d\/1gol4wCwQMaDwK6PVd6po3_BcyVQzx6Rv\/preview\" width=\"640\" height=\"480\" allow=\"autoplay\"><\/iframe>\n\n\n\n\n\n\n","protected":false},"excerpt":{"rendered":"","protected":false},"author":5,"featured_media":0,"parent":0,"menu_order":0,"comment_status":"closed","ping_status":"closed","template":"","meta":{"pagelayer_contact_templates":[],"_pagelayer_content":"","_joinchat":[],"footnotes":""},"class_list":["post-4427","page","type-page","status-publish","hentry"],"_links":{"self":[{"href":"https:\/\/municiudadvieja.gob.gt\/laip\/wp-json\/wp\/v2\/pages\/4427"}],"collection":[{"href":"https:\/\/municiudadvieja.gob.gt\/laip\/wp-json\/wp\/v2\/pages"}],"about":[{"href":"https:\/\/municiudadvieja.gob.gt\/laip\/wp-json\/wp\/v2\/types\/page"}],"author":[{"embeddable":true,"href":"https:\/\/municiudadvieja.gob.gt\/laip\/wp-json\/wp\/v2\/users\/5"}],"replies":[{"embeddable":true,"href":"https:\/\/municiudadvieja.gob.gt\/laip\/wp-json\/wp\/v2\/comments?post=4427"}],"version-history":[{"count":5,"href":"https:\/\/municiudadvieja.gob.gt\/laip\/wp-json\/wp\/v2\/pages\/4427\/revisions"}],"predecessor-version":[{"id":4575,"href":"https:\/\/municiudadvieja.gob.gt\/laip\/wp-json\/wp\/v2\/pages\/4427\/revisions\/4575"}],"wp:attachment":[{"href":"https:\/\/municiudadvieja.gob.gt\/laip\/wp-json\/wp\/v2\/media?parent=4427"}],"curies":[{"name":"wp","href":"https:\/\/api.w.org\/{rel}","templated":true}]}}