{"id":4426,"date":"2025-11-04T15:07:31","date_gmt":"2025-11-04T21:07:31","guid":{"rendered":"https:\/\/municiudadvieja.gob.gt\/laip\/?page_id=4426"},"modified":"2025-11-04T15:27:44","modified_gmt":"2025-11-04T21:27:44","slug":"6-manuales-de-procedimientos-comude","status":"publish","type":"page","link":"https:\/\/municiudadvieja.gob.gt\/laip\/6-manuales-de-procedimientos-comude\/","title":{"rendered":"6. MANUALES DE PROCEDIMIENTOS COMUDE"},"content":{"rendered":"\n\n\n<h1 style=\"text-align: center; background-color: rgb(80, 83, 188);\"><span style=\"font-weight: bolder; color: rgb(255, 255, 255);\">INFORMACI\u00d3N P\u00daBLICA COMUDE CIUDAD VIEJA, SACATEP\u00c9QUEZ<\/span><\/h1>\n\n\n\n\n<h2 style=\"color: rgb(255, 255, 255);\">Manuales<\/h2>\n\n\n\n\n\n\n\n\n\n\n\n\n<iframe loading=\"lazy\" src=\"https:\/\/drive.google.com\/file\/d\/1Sn-cocTi6Sdn3J2HvuLiv_i7yuRLBYuk\/preview\" width=\"640\" height=\"480\" allow=\"autoplay\"><\/iframe>\n\n\n\n\n\n\n\n\n\n\n","protected":false},"excerpt":{"rendered":"","protected":false},"author":5,"featured_media":0,"parent":0,"menu_order":0,"comment_status":"closed","ping_status":"closed","template":"","meta":{"pagelayer_contact_templates":[],"_pagelayer_content":"","_joinchat":[],"footnotes":""},"class_list":["post-4426","page","type-page","status-publish","hentry"],"_links":{"self":[{"href":"https:\/\/municiudadvieja.gob.gt\/laip\/wp-json\/wp\/v2\/pages\/4426"}],"collection":[{"href":"https:\/\/municiudadvieja.gob.gt\/laip\/wp-json\/wp\/v2\/pages"}],"about":[{"href":"https:\/\/municiudadvieja.gob.gt\/laip\/wp-json\/wp\/v2\/types\/page"}],"author":[{"embeddable":true,"href":"https:\/\/municiudadvieja.gob.gt\/laip\/wp-json\/wp\/v2\/users\/5"}],"replies":[{"embeddable":true,"href":"https:\/\/municiudadvieja.gob.gt\/laip\/wp-json\/wp\/v2\/comments?post=4426"}],"version-history":[{"count":3,"href":"https:\/\/municiudadvieja.gob.gt\/laip\/wp-json\/wp\/v2\/pages\/4426\/revisions"}],"predecessor-version":[{"id":4456,"href":"https:\/\/municiudadvieja.gob.gt\/laip\/wp-json\/wp\/v2\/pages\/4426\/revisions\/4456"}],"wp:attachment":[{"href":"https:\/\/municiudadvieja.gob.gt\/laip\/wp-json\/wp\/v2\/media?parent=4426"}],"curies":[{"name":"wp","href":"https:\/\/api.w.org\/{rel}","templated":true}]}}