{"id":4421,"date":"2025-11-04T15:06:42","date_gmt":"2025-11-04T21:06:42","guid":{"rendered":"https:\/\/municiudadvieja.gob.gt\/laip\/?page_id=4421"},"modified":"2026-03-02T11:21:07","modified_gmt":"2026-03-02T17:21:07","slug":"3-directorio-de-empleados-comude","status":"publish","type":"page","link":"https:\/\/municiudadvieja.gob.gt\/laip\/3-directorio-de-empleados-comude\/","title":{"rendered":"3. DIRECTORIO DE EMPLEADOS COMUDE"},"content":{"rendered":"\n\n\n<h1 style=\"text-align: center; background-color: rgb(80, 83, 188);\"><span style=\"font-weight: bolder; color: rgb(255, 255, 255);\">INFORMACI\u00d3N P\u00daBLICA COMUDE CIUDAD VIEJA, SACATEP\u00c9QUEZ<\/span><\/h1>\n\n\n\n\n<h2><span style=\"color: rgb(255, 255, 255);\">Directorio de Empleados<\/span><\/h2>\n\n\n\n\n\n\n\n\n\n\n\n\n<iframe loading=\"lazy\" src=\"https:\/\/drive.google.com\/file\/d\/1iMcA2YWcUO8BZ90jf8T6DgFp0YLzG_BC\/preview\" width=\"640\" height=\"480\"><\/iframe>\n\n\n\n\n\n\n<iframe loading=\"lazy\" src=\"https:\/\/drive.google.com\/file\/d\/1YfcHTgAw__z1-x8auxFhqAcopO8PpE9P\/preview\" width=\"640\" height=\"480\"><\/iframe>\n\n\n\n\n\n\n\n\n\n\n\n\n\n\n<iframe loading=\"lazy\" src=\"https:\/\/drive.google.com\/file\/d\/1Paureh0emA4fM86tXOUhDGSzAN4d0HSj\/preview\" width=\"640\" height=\"480\" allow=\"autoplay\"><\/iframe>\n\n\n\n\n\n\n<iframe loading=\"lazy\" src=\"https:\/\/drive.google.com\/file\/d\/14HUThLzPZ8KMLJnLoGbdA5APoEj0cVKJ\/preview\" width=\"640\" height=\"480\" allow=\"autoplay\"><\/iframe>\n\n\n\n\n\n\n<iframe loading=\"lazy\" src=\"https:\/\/drive.google.com\/file\/d\/1KR4xCMnPbrWprIbmg67h2o_P0u8c240G\/preview\" width=\"640\" height=\"480\"><\/iframe>\n\n\n\n\n\n\n<iframe loading=\"lazy\" src=\"https:\/\/drive.google.com\/file\/d\/1aAhYsTxefMVMex1qjJa8Dtw80-OofeBo\/preview\" width=\"640\" height=\"480\"><\/iframe>\n\n\n\n\n\n\n\n\n\n\n","protected":false},"excerpt":{"rendered":"","protected":false},"author":5,"featured_media":0,"parent":0,"menu_order":0,"comment_status":"closed","ping_status":"closed","template":"","meta":{"pagelayer_contact_templates":[],"_pagelayer_content":"","_joinchat":[],"footnotes":""},"class_list":["post-4421","page","type-page","status-publish","hentry"],"_links":{"self":[{"href":"https:\/\/municiudadvieja.gob.gt\/laip\/wp-json\/wp\/v2\/pages\/4421"}],"collection":[{"href":"https:\/\/municiudadvieja.gob.gt\/laip\/wp-json\/wp\/v2\/pages"}],"about":[{"href":"https:\/\/municiudadvieja.gob.gt\/laip\/wp-json\/wp\/v2\/types\/page"}],"author":[{"embeddable":true,"href":"https:\/\/municiudadvieja.gob.gt\/laip\/wp-json\/wp\/v2\/users\/5"}],"replies":[{"embeddable":true,"href":"https:\/\/municiudadvieja.gob.gt\/laip\/wp-json\/wp\/v2\/comments?post=4421"}],"version-history":[{"count":9,"href":"https:\/\/municiudadvieja.gob.gt\/laip\/wp-json\/wp\/v2\/pages\/4421\/revisions"}],"predecessor-version":[{"id":4574,"href":"https:\/\/municiudadvieja.gob.gt\/laip\/wp-json\/wp\/v2\/pages\/4421\/revisions\/4574"}],"wp:attachment":[{"href":"https:\/\/municiudadvieja.gob.gt\/laip\/wp-json\/wp\/v2\/media?parent=4421"}],"curies":[{"name":"wp","href":"https:\/\/api.w.org\/{rel}","templated":true}]}}