{"id":4408,"date":"2025-11-04T14:20:41","date_gmt":"2025-11-04T20:20:41","guid":{"rendered":"https:\/\/municiudadvieja.gob.gt\/laip\/?page_id=4408"},"modified":"2026-03-02T11:18:49","modified_gmt":"2026-03-02T17:18:49","slug":"1-estructura-organica-comude","status":"publish","type":"page","link":"https:\/\/municiudadvieja.gob.gt\/laip\/1-estructura-organica-comude\/","title":{"rendered":"1. Estructura Org\u00e1nica COMUDE"},"content":{"rendered":"\n\n\n<h1><strong style=\"color: rgb(255, 255, 255);\">INFORMACI\u00d3N P\u00daBLICA COMUDE CIUDAD VIEJA, SACATEP\u00c9QUEZ<\/strong><\/h1>\n\n\n\n\n\n\n\n\n\n\n\n\n<iframe loading=\"lazy\" src=\"https:\/\/drive.google.com\/file\/d\/1fl1fSahsNyeqNW5FJ6rUrNI8kEYX0ifQ\/preview\" width=\"640\" height=\"480\" allow=\"autoplay\"><\/iframe>\n\n\n\n\n\n\n\n\n\n\n\n\n\n\n\n<p><a href=\"https:\/\/drive.google.com\/file\/d\/1-ZSqzLErJoz6F3fO0YUV8P9Gyove_MMD\/view?usp=sharing,%20https:\/\/drive.google.com\/file\/d\/10ix5ypcB62Kl0r2JhzSLqjtHkPg81tNh\/view?usp=sharing,%20https:\/\/drive.google.com\/file\/d\/11KZUsrHET4cVcoySY0QLgeIRW9to5Ien\/view?usp=sharing,%20https:\/\/drive.google.com\/file\/d\/16ZsVbIJVWXx8L9cGFwab7NSYAvwB6mPG\/view?usp=sharing,%20https:\/\/drive.google.com\/file\/d\/18pWIdva7ZF9cieccj1xyOlRPwzUBfm5i\/view?usp=sharing,%20https:\/\/drive.google.com\/file\/d\/1ApNWh5mf_VThHEiFiuDSL09r16vhtK34\/view?usp=sharing,%20https:\/\/drive.google.com\/file\/d\/1TXsktQ6zu-r70RfV0PoIcE3a1DNWg6T_\/view?usp=sharing,%20https:\/\/drive.google.com\/file\/d\/1UvN4qjzfFmSOJxAxpWwX0xb9WbTApehr\/view?usp=sharing,%20https:\/\/drive.google.com\/file\/d\/1VZyiG0POsjM1Y_p0o-zgR-J7u74ZT2Ir\/view?usp=sharing,%20https:\/\/drive.google.com\/file\/d\/1ZH5C8pZ6Kk5sJuSJ5bCZL0sPSD059ltD\/view?usp=sharing,%20https:\/\/drive.google.com\/file\/d\/1dhDdtu92n0NxHQhXFZ60HpycwZSQYX2k\/view?usp=sharing,%20https:\/\/drive.google.com\/file\/d\/1e-2W8XIApcWhGH3RK0om7Fn395PwOYvN\/view?usp=sharing,%20https:\/\/drive.google.com\/file\/d\/1jnPdL-7MazZFk4dB6js8vxDhGAhr-nli\/view?usp=sharing,%20https:\/\/drive.google.com\/file\/d\/1m3U88Y0eSfZZMX_dJXoczHj3-gQ_e5Sw\/view?usp=sharing,%20https:\/\/drive.google.com\/file\/d\/1oyrjN1Q8G24WLGmZyEq8x2gxZgnssJMs\/view?usp=sharing,%20https:\/\/drive.google.com\/file\/d\/1qJpsuqV2_AnFGeTu1X3G7th3aXj8NEN6\/view?usp=sharing,%20https:\/\/drive.google.com\/file\/d\/1ysWWiQHN54Cmj1goFEMYyYRgPMT1OC8P\/view?usp=sharing\">C\u00f3digo Municipal<\/a><\/p><p><a href=\"https:\/\/drive.google.com\/file\/d\/1ApNWh5mf_VThHEiFiuDSL09r16vhtK34\/view?usp=sharing\">Constituci\u00f3n Pol\u00edtica de la Rep\u00fablica de Guatemala<\/a><br><\/p><p><a href=\"https:\/\/drive.google.com\/file\/d\/1TXsktQ6zu-r70RfV0PoIcE3a1DNWg6T_\/view?usp=sharing\">Contralor\u00eda General de Cuentas<\/a><br><\/p><p><a href=\"https:\/\/drive.google.com\/file\/d\/18pWIdva7ZF9cieccj1xyOlRPwzUBfm5i\/view?usp=sharing\">Decreto y ley Org\u00e1nica del tribunal y contralor\u00eda de Cuentas<\/a><br><\/p><p><a href=\"https:\/\/drive.google.com\/file\/d\/11KZUsrHET4cVcoySY0QLgeIRW9to5Ien\/view?usp=sharing\">Ley contra la corrupci\u00f3n<\/a><br><\/p><p><a href=\"https:\/\/drive.google.com\/file\/d\/1-ZSqzLErJoz6F3fO0YUV8P9Gyove_MMD\/view?usp=sharing\">ley de Acceso a la informaci\u00f3n P\u00fablica<\/a><\/p><p><a href=\"https:\/\/drive.google.com\/file\/d\/1ysWWiQHN54Cmj1goFEMYyYRgPMT1OC8P\/view?usp=sharing\">Ley de Consejos de desarrollo<\/a>&nbsp;<a href=\"https:\/\/drive.google.com\/file\/d\/1ysWWiQHN54Cmj1goFEMYyYRgPMT1OC8P\/view?usp=sharing\" style=\"font-size: 12px\">&nbsp;urbano y rural<\/a><\/p><p><a href=\"https:\/\/drive.google.com\/file\/d\/1ZH5C8pZ6Kk5sJuSJ5bCZL0sPSD059ltD\/view?usp=sharing\">Ley de Contrataciones del Estado<\/a><br><\/p><p><a href=\"https:\/\/drive.google.com\/file\/d\/1dhDdtu92n0NxHQhXFZ60HpycwZSQYX2k\/view?usp=sharing\">Ley de lo contencioso administrativo<\/a><br><\/p><p><a href=\"https:\/\/drive.google.com\/file\/d\/1UvN4qjzfFmSOJxAxpWwX0xb9WbTApehr\/view?usp=sharing\">Ley de ONG<\/a><br><\/p><p><a href=\"https:\/\/drive.google.com\/file\/d\/16ZsVbIJVWXx8L9cGFwab7NSYAvwB6mPG\/view?usp=sharing\">Ley de Probidad<\/a><br><\/p><p><a href=\"https:\/\/drive.google.com\/file\/d\/10ix5ypcB62Kl0r2JhzSLqjtHkPg81tNh\/view?usp=sharing\">Ley Org\u00e1nica de la Contralor\u00eda General de Cuentas<\/a><br><\/p><p><a href=\"https:\/\/municiudadvieja.gob.gt\/laip\/estructura-organica-2021\/Ley%20Org%C3%A1nica%20del%20Presupuesto\">Ley Org\u00e1nica del Presupuesto<\/a><br><\/p><p><a href=\"https:\/\/drive.google.com\/file\/d\/1qJpsuqV2_AnFGeTu1X3G7th3aXj8NEN6\/view?usp=sharing\">Reglamento ley de contrataciones del Estado<\/a><br><\/p><p><a href=\"https:\/\/drive.google.com\/file\/d\/1m3U88Y0eSfZZMX_dJXoczHj3-gQ_e5Sw\/view?usp=sharing\">Reglamento y ley de Probidad<\/a><br><\/p><p><a href=\"https:\/\/drive.google.com\/file\/d\/1oyrjN1Q8G24WLGmZyEq8x2gxZgnssJMs\/view?usp=sharing\">Reglamento ley Org\u00e1nica del Presupuesto<\/a><br><\/p><p><a href=\"https:\/\/drive.google.com\/file\/d\/1jnPdL-7MazZFk4dB6js8vxDhGAhr-nli\/view?usp=sharing\">Ley de Tr\u00e1nsito y su Reglamento<\/a><br><a href=\"https:\/\/drive.google.com\/file\/d\/1n59wwgQiZeZWp77Ri5ZZ7vx8sOtXfkQf\/view?usp=sharing\">Reglamento de Cementerios y Manejo de Cadaveres&nbsp;<\/a><br><a href=\"https:\/\/drive.google.com\/file\/d\/1PvrWF1P_K-6-RAxmTj3DWbfFyEe7R4Ns\/view?usp=sharing\">Reglamento para la Regulaci\u00f3n del Uso del Sendero Hunap\u00fa que Conduce al Volc\u00e1n de Agua desde la Ruta del Municipio de Ciudad Vieja del Departamento de Sacatep\u00e9quez&nbsp;<\/a><br><\/p>\n<a href=\"https:\/\/drive.google.com\/file\/d\/1OtdYqo45tOxaRXV1gb-wqjKCVFp0h7Aj\/view?usp=sharing\">Reglamento para Autorizaci\u00f3n Municipal de Licencias para el Funcionamiento de Establecimientos, Expendios de Alimentos y Bebidas, Hospedaje, Higiene o Arreglo Personal, Recreaci\u00f3n, Cultura y otros que por su Naturaleza se encuentren abiertos al P\u00fablico, en el Municipio Ciudad Vieja, Departamento Sacatep\u00e9quez.&nbsp;<\/a><br><a <a=\"\" href=\"https:\/\/drive.google.com\/file\/d\/1Q0Hlayl1zfR37fWGoZyXKlUr57KlqS0i\/view?usp=sharing\">Reglamento para el Uso de las Calles y Avenidas de Ciudad Vieja<\/a><br><p><\/p>\n<a href=\"https:\/\/drive.google.com\/file\/d\/1IMTC6NajMoF5Fm1YqofCzy2NBOKx-cno\/view?usp=sharing\">Reglamento para el Funcionamiento, Tratamiento, Disposici\u00f3n Final de Desechos y Residuos S\u00f3lidos del Municipio de Ciudad Vieja, Sacatep\u00e9quez&nbsp;<\/a><br><a\n<a href=\"https:\/\/drive.google.com\/file\/d\/1PCUYOeWbo_hBT-r0W4-o_vyJTTKsPSUz\/view?usp=sharing\">Reglamento Municipal para la Administraci\u00f3n, Operaci\u00f3n y Mantenimiento del Servicio del Agua Potable de la Municipalidad de Ciudad Vieja Departamento de Sacatep\u00e9quez&nbsp;<\/a><br><a\n<a href=\"https:\/\/drive.google.com\/file\/d\/1WbuVOuj9ACw6I3RS97nkgJV41P_XjBRA\/view?usp=sharing\">Reglamento Municipal para regular el uso de aparatos reproductores, amplificadores y propagadores de la voz y el sonido para la prevenci\u00f3n&nbsp;<\/a><br><a\n<a href=\"https:\/\/drive.google.com\/file\/d\/13ScS9_9cpbTvnNjHLNEJcYIf8AJyoWf3\/view?usp=sharing\">Reglamento Interno de Tr\u00e1nsito.&nbsp;<\/a><br><a\n<a href=\"https:\/\/drive.google.com\/file\/d\/1YtrxaN1Hn6kVhQcLiDxBDTOT5BISdZEo\/view?usp=sharing\">Reglamento Relativo a Letreros en la Ciudad, Zona de Protecci\u00f3n y Conservaci\u00f3n y \u00e1reas Circundantes de la Antigua Guatemala &nbsp;<\/a><br><a\n<a href=\"https:\/\/drive.google.com\/file\/d\/1CHv1E23qIQUH3HaubIGiMD9hRrpFgyI7\/view?usp=sharing\">Reglamento de la Actividad Pirot\u00e9cnica.&nbsp;<\/a><br><a\n<a href=\"https:\/\/drive.google.com\/file\/d\/1odSPmAnETLZu9HyKg8yvzC1QAyI_z4dQ\/view?usp=sharing\">Reglamento de Estacionamiento y Parada para veh\u00edculos.&nbsp;<\/a><br><a\n\n\n\n\n\n\n\n\n\n\n<iframe loading=\"lazy\" src=\"https:\/\/drive.google.com\/file\/d\/1B--F5DKDXFiBAol9qZJ9azSJodffMF95\/preview\" width=\"640\" height=\"480\"><\/iframe>\n\n\n\n\n\n\n<iframe loading=\"lazy\" src=\"https:\/\/drive.google.com\/file\/d\/1RGctmdyZiTElfY3H8S-GzXlPu_jqYQMU\/preview\" width=\"640\" height=\"480\" allow=\"autoplay\"><\/iframe>\n\n\n\n\n\n\n\n\n\n\n\n\n\n\n","protected":false},"excerpt":{"rendered":"","protected":false},"author":5,"featured_media":0,"parent":0,"menu_order":0,"comment_status":"closed","ping_status":"closed","template":"","meta":{"pagelayer_contact_templates":[],"_pagelayer_content":"","_joinchat":[],"footnotes":""},"class_list":["post-4408","page","type-page","status-publish","hentry"],"_links":{"self":[{"href":"https:\/\/municiudadvieja.gob.gt\/laip\/wp-json\/wp\/v2\/pages\/4408"}],"collection":[{"href":"https:\/\/municiudadvieja.gob.gt\/laip\/wp-json\/wp\/v2\/pages"}],"about":[{"href":"https:\/\/municiudadvieja.gob.gt\/laip\/wp-json\/wp\/v2\/types\/page"}],"author":[{"embeddable":true,"href":"https:\/\/municiudadvieja.gob.gt\/laip\/wp-json\/wp\/v2\/users\/5"}],"replies":[{"embeddable":true,"href":"https:\/\/municiudadvieja.gob.gt\/laip\/wp-json\/wp\/v2\/comments?post=4408"}],"version-history":[{"count":8,"href":"https:\/\/municiudadvieja.gob.gt\/laip\/wp-json\/wp\/v2\/pages\/4408\/revisions"}],"predecessor-version":[{"id":4572,"href":"https:\/\/municiudadvieja.gob.gt\/laip\/wp-json\/wp\/v2\/pages\/4408\/revisions\/4572"}],"wp:attachment":[{"href":"https:\/\/municiudadvieja.gob.gt\/laip\/wp-json\/wp\/v2\/media?parent=4408"}],"curies":[{"name":"wp","href":"https:\/\/api.w.org\/{rel}","templated":true}]}}