{"id":387,"date":"2020-12-23T11:10:07","date_gmt":"2020-12-23T17:10:07","guid":{"rendered":"https:\/\/alterna.municiudadvieja.gob.gt\/wp\/?page_id=387"},"modified":"2021-01-08T15:06:26","modified_gmt":"2021-01-08T21:06:26","slug":"febrero","status":"publish","type":"page","link":"https:\/\/municiudadvieja.gob.gt\/laip\/febrero\/","title":{"rendered":"Febrero"},"content":{"rendered":"\n<p><a href=\"https:\/\/drive.google.com\/file\/d\/1bkkM4pKEmLNjpiHU-GkHKcEOz_prUaGR\/view?usp=sharing\">1. Estructura Org\u00e1nica<\/a><\/p>\n\n\n\n<p><a href=\"https:\/\/drive.google.com\/file\/d\/1ZeZx4CAkqu6OdS3tT6oDtrt7UgF96Lm0\/view?usp=sharing\">2. Direcciones y Numero de Tel\u00e9fonos<\/a><\/p>\n\n\n\n<p><a href=\"https:\/\/drive.google.com\/file\/d\/1Jt-dk2LGbtD7DQriuHonA0KwXpdVY3vX\/view?usp=sharing\">3. Directorio de Empleados<\/a><\/p>\n\n\n\n<p><a href=\"https:\/\/drive.google.com\/file\/d\/1kSe4WITQnUCHi7VqwI2kIK2ei08V_CLx\/view?usp=sharing\">4. Remuneraciones<\/a><\/p>\n\n\n\n<p><a href=\"https:\/\/drive.google.com\/file\/d\/1Laiau5MSDhWK_21j6m4pTBzReNAzTrBo\/view?usp=sharing\">5. Misi\u00f3n, Visi\u00f3n, Objetivos POA<\/a><\/p>\n\n\n\n<p><a href=\"https:\/\/municiudadvieja.gob.gt\/laip\/olaip\/febrero20\/MANUAL-DE-PROCEDIMIENTOS-ORIGINAL.pdf\">6. Manuales de procedimientos<\/a><\/p>\n\n\n\n<p><a href=\"https:\/\/drive.google.com\/file\/d\/14u_ETyEJrTZqA5zVj5w4_0jlF76yIFsb\/view?usp=sharing\">7. Presupuesto de Ingresos y Egresos<\/a><\/p>\n\n\n\n<p><a href=\"https:\/\/drive.google.com\/file\/d\/1Hxp9xBq6PuXC2wbJ1sDXvo6dQuijHKa9\/view?usp=sharing\">8&nbsp; Ejecuci\u00f3n presupuestaria de egresos febrero&nbsp; 2020<\/a><\/p>\n\n\n\n<p><a href=\"https:\/\/drive.google.com\/file\/d\/1Ob0MrUYKAzN_419JE5q4v1-bDKLnzMne\/view?usp=sharing\">9. Dep\u00f3sitos con fondos p\u00fablicos febrero 2020<\/a><\/p>\n\n\n\n<p><a href=\"https:\/\/drive.google.com\/file\/d\/1d689VixZ-IzczAnCiWYqG5J6olkzSS_1\/view?usp=sharing\">10. Procesos de Cotizaci\u00f3n y Licitaci\u00f3n<\/a><\/p>\n\n\n\n<p><a href=\"https:\/\/drive.google.com\/file\/d\/1VKKe_FaUYhqIQtH0-JFtR11id3TFkBn_\/view?usp=sharing\">11. Contrataciones de bienes y Servicios<\/a><\/p>\n\n\n\n<p><a href=\"https:\/\/drive.google.com\/file\/d\/1vYHTbPYJxEHqIYHtmSCuQLjRr6e1x0Bc\/view?usp=sharing\">12. Viajes Nacionales o Internacionales<\/a><\/p>\n\n\n\n<p><a href=\"https:\/\/drive.google.com\/file\/d\/1AWX3Pxpo0cvUGVGMSh9cLsOrgWaaZsO6\/view?usp=sharing\">13. Inventario municipal Ciudad Vieja Sacatep\u00e9quez,<\/a><\/p>\n\n\n\n<p><a href=\"https:\/\/drive.google.com\/drive\/folders\/1cWyaC3pF7tvG5TjUi-tMVOLg5gucGWRw?usp=sharing\">15. Programa de Becas o Transferencias<\/a><\/p>\n\n\n\n<p><a href=\"https:\/\/drive.google.com\/file\/d\/1vKtl6XakOi6UcS0ShTP0RhlAr9hSrjyj\/view?usp=sharing\">16. Contrato de Licencias o Concesiones<\/a><\/p>\n\n\n\n<p><a href=\"https:\/\/drive.google.com\/file\/d\/1umY9xXetXZ2ET-lLQsJIE2loyuyv6Ehb\/view?usp=sharing\">17Listado de Empresas Pre Calificadas<\/a><\/p>\n\n\n\n<p><a href=\"https:\/\/drive.google.com\/drive\/folders\/1oKd5jgcw6Xgp3CxZlRJwnFvHOjQafitG?usp=sharing\">18. Obras en Ejecuci\u00f3n o Ejecutadas<\/a><\/p>\n\n\n\n<p><a href=\"https:\/\/municiudadvieja.gob.gt\/laip\/olaip\/febrero20\/19)%20Contratos%20de%20Arrendamientos.pdf\">19. Contratos de Arrendamientos<\/a><\/p>\n\n\n\n<p><a href=\"https:\/\/drive.google.com\/file\/d\/1_lGeyPETD1v3eBHw4S7hSfncQbZN2woT\/view?usp=sharing\">20. Contratos de Cotizaci\u00f3n y Licitaci\u00f3n<\/a><\/p>\n\n\n\n<p><a href=\"https:\/\/drive.google.com\/drive\/folders\/1ZmEGc8zMsdBT-5__os74F53hj5n_s2yI?usp=sharing\">21. Fideicomisos<\/a><\/p>\n\n\n\n<p><a href=\"https:\/\/drive.google.com\/file\/d\/1LYalUNt2Lt22FRVY783_ctWenH4tfyqf\/view?usp=sharing\">22.Compras directas<\/a><\/p>\n\n\n\n<p><a href=\"https:\/\/drive.google.com\/file\/d\/1VuUBJTJofSABP9XrPL8exiAkTrBJkLEn\/view?usp=sharing\">24. Entidades Internacionales<\/a><\/p>\n\n\n\n<p><a href=\"https:\/\/drive.google.com\/file\/d\/1kC7UGjeFD6k6fJ2Z1rQCtJFuk_3jVgcD\/view?usp=sharing\">25. Entidades no gubernamentales o privadas<\/a><\/p>\n\n\n\n<p><a href=\"https:\/\/drive.google.com\/file\/d\/1AJM9mDvxOIUPXfIK4UdR9dzCHepbjrix\/view?usp=sharing\">27. Informaci\u00f3n Clasificada<\/a><\/p>\n\n\n\n<p><a href=\"https:\/\/drive.google.com\/drive\/folders\/1-8lxf846PsYhZl70cd2E9_M7N2MOGF68?usp=sharing\">28. Pertenencia Socio Ling\u00fc\u00edstica<\/a><\/p>\n","protected":false},"excerpt":{"rendered":"<p>1. Estructura Org\u00e1nica 2. Direcciones y Numero de Tel\u00e9fonos 3. Directorio de Empleados 4. Remuneraciones 5. Misi\u00f3n, Visi\u00f3n, Objetivos POA 6. Manuales de procedimientos 7. Presupuesto de Ingresos y Egresos 8&nbsp; Ejecuci\u00f3n presupuestaria de egresos febrero&nbsp; 2020 9. Dep\u00f3sitos con fondos p\u00fablicos febrero 2020 10. Procesos de Cotizaci\u00f3n y Licitaci\u00f3n 11. Contrataciones de bienes y [&hellip;]<\/p>\n","protected":false},"author":3,"featured_media":0,"parent":0,"menu_order":0,"comment_status":"closed","ping_status":"closed","template":"","meta":{"pagelayer_contact_templates":[],"_pagelayer_content":"","_joinchat":[],"footnotes":""},"class_list":["post-387","page","type-page","status-publish","hentry"],"_links":{"self":[{"href":"https:\/\/municiudadvieja.gob.gt\/laip\/wp-json\/wp\/v2\/pages\/387"}],"collection":[{"href":"https:\/\/municiudadvieja.gob.gt\/laip\/wp-json\/wp\/v2\/pages"}],"about":[{"href":"https:\/\/municiudadvieja.gob.gt\/laip\/wp-json\/wp\/v2\/types\/page"}],"author":[{"embeddable":true,"href":"https:\/\/municiudadvieja.gob.gt\/laip\/wp-json\/wp\/v2\/users\/3"}],"replies":[{"embeddable":true,"href":"https:\/\/municiudadvieja.gob.gt\/laip\/wp-json\/wp\/v2\/comments?post=387"}],"version-history":[{"count":1,"href":"https:\/\/municiudadvieja.gob.gt\/laip\/wp-json\/wp\/v2\/pages\/387\/revisions"}],"predecessor-version":[{"id":389,"href":"https:\/\/municiudadvieja.gob.gt\/laip\/wp-json\/wp\/v2\/pages\/387\/revisions\/389"}],"wp:attachment":[{"href":"https:\/\/municiudadvieja.gob.gt\/laip\/wp-json\/wp\/v2\/media?parent=387"}],"curies":[{"name":"wp","href":"https:\/\/api.w.org\/{rel}","templated":true}]}}