{"id":383,"date":"2020-12-23T11:08:59","date_gmt":"2020-12-23T17:08:59","guid":{"rendered":"https:\/\/alterna.municiudadvieja.gob.gt\/wp\/?page_id=383"},"modified":"2021-01-08T15:06:27","modified_gmt":"2021-01-08T21:06:27","slug":"marzo","status":"publish","type":"page","link":"https:\/\/municiudadvieja.gob.gt\/laip\/marzo\/","title":{"rendered":"Marzo"},"content":{"rendered":"\n<p><a href=\"https:\/\/municiudadvieja.gob.gt\/laip\/olaip\/marzo20\/ORGANIGRAMA%202020.pdf\">1. Estructura Org\u00e1nica<\/a><\/p>\n\n\n\n<p><a href=\"https:\/\/municiudadvieja.gob.gt\/laip\/olaip\/marzo20\/DIRECCION-Y-TELEFONOS-DE-LA-MUNICIPALIDAD-DE-CIUDAD-VIEJA-2020.pdf\">2. Direcciones y Numero de Tel\u00e9fonos<\/a><\/p>\n\n\n\n<p><a href=\"https:\/\/municiudadvieja.gob.gt\/laip\/olaip\/marzo20\/Direcctorio%20de%20Empleados%20Marzo%202020.pdf\">3. Directorio de Empleados<\/a><\/p>\n\n\n\n<p><a href=\"https:\/\/municiudadvieja.gob.gt\/laip\/olaip\/marzo20\/PUESTOS%20Y%20SALARIOS.rar\">4. Remuneraciones<\/a><\/p>\n\n\n\n<p><a href=\"https:\/\/municiudadvieja.gob.gt\/laip\/olaip\/marzo20\/POA.pdf\">5. Misi\u00f3n, Visi\u00f3n, Objetivos POA<\/a><\/p>\n\n\n\n<p><a href=\"https:\/\/municiudadvieja.gob.gt\/laip\/olaip\/marzo20\/Manuales%20de%20Procedimientos.pdf\">6. Manuales de procedimientos<\/a><\/p>\n\n\n\n<p><a href=\"https:\/\/municiudadvieja.gob.gt\/laip\/olaip\/marzo20\/Presupuesto%20de%20Ingresos%20y%20Egresos.pdf\">7. Presupuesto de Ingresos y Egresos<\/a><\/p>\n\n\n\n<p><a href=\"https:\/\/municiudadvieja.gob.gt\/laip\/olaip\/marzo20\/EJECUCION%20PRESUPUESTARIA%20DE%20EGRESOS%20MES%20DE%20FEBRERO%202020.pdf\">8 .1 Ejecuci\u00f3n presupuestaria de egresos febrero&nbsp; 2020<\/a><\/p>\n\n\n\n<p><a href=\"https:\/\/municiudadvieja.gob.gt\/laip\/olaip\/marzo20\/EJECUCION%20PRESUPUESTARIA%20DE%20INGRESOS%20MES%20DE%20FEBRERO%202020.pdf\">8.2 Ejecuci\u00f3n presupuestaria de ingresos&nbsp;&nbsp;2020<\/a><\/p>\n\n\n\n<p><a href=\"https:\/\/municiudadvieja.gob.gt\/laip\/olaip\/marzo20\/DEPOSITOS%20CON%20FONDOS%20PUBLICOS%20MES%20DE%20FEBRERO%202020.pdf\">9. Dep\u00f3sitos con fondos p\u00fablicos febrero 2020<\/a><\/p>\n\n\n\n<p><a href=\"https:\/\/municiudadvieja.gob.gt\/laip\/olaip\/marzo20\/Procesos%20de%20Cotizaci%C3%B3n%20y%20Licitacion.pdf\">10. Procesos de Cotizaci\u00f3n y Licitaci\u00f3n<\/a><\/p>\n\n\n\n<p><a href=\"https:\/\/municiudadvieja.gob.gt\/laip\/olaip\/marzo20\/Contrataciones%20de%20bienes%20y%20Servicios.pdf\">11. Contrataciones de bienes y Servicios<\/a><\/p>\n\n\n\n<p><a href=\"https:\/\/municiudadvieja.gob.gt\/laip\/olaip\/marzo20\/Viajes%20Nacionales%20o%20Internacionales.pdf\">12. Viajes Nacionales o Internacionales<\/a><\/p>\n\n\n\n<p><a href=\"https:\/\/municiudadvieja.gob.gt\/laip\/olaip\/marzo20\/INVENTARIO%20MUNICIPALIDAD%20DE%20CIUDAD%20VIEJA%20SACATEP%C3%89QUEZ,.pdf\">13. Inventario municipal Ciudad Vieja Sacatep\u00e9quez,<\/a><\/p>\n\n\n\n<p><a href=\"https:\/\/municiudadvieja.gob.gt\/laip\/olaip\/marzo20\/Contratos%20de%20Mantenimiento.pdf\">14. Contratos de Mantenimiento<\/a><\/p>\n\n\n\n<p><a href=\"https:\/\/municiudadvieja.gob.gt\/laip\/olaip\/marzo20\/15)%20Programas%20de%20Becas%20y%20Subcidios.pdf\">15. Programa de Becas o Transferencias<\/a><\/p>\n\n\n\n<p><a href=\"https:\/\/municiudadvieja.gob.gt\/laip\/olaip\/marzo20\/16)%20Contratos%20de%20Licencias%20o%20Concesiones.pdf\">16. Contrato de Licencias o Concesiones<\/a><\/p>\n\n\n\n<p><a href=\"https:\/\/municiudadvieja.gob.gt\/laip\/olaip\/marzo20\/17)%20Empresas%20Pre%20Calificadas.pdf\">17. Listado de Empresas Pre Calificadas<\/a><\/p>\n\n\n\n<p><a href=\"https:\/\/municiudadvieja.gob.gt\/laip\/olaip\/marzo20\/Obras%20Ejecutadas.pdf\">18. Obras en Ejecuci\u00f3n o Ejecutadas<\/a><\/p>\n\n\n\n<p><a href=\"https:\/\/municiudadvieja.gob.gt\/laip\/olaip\/marzo20\/Contratos%20de%20Arrendamientos.pdf\">19. Contratos de Arrendamientos<\/a><\/p>\n\n\n\n<p><a href=\"https:\/\/municiudadvieja.gob.gt\/laip\/olaip\/marzo20\/Contrataciones%20por%20Cotizacion%20y%20licitacion.pdf\">20. Contratos de Cotizaci\u00f3n y Licitaci\u00f3n<\/a><\/p>\n\n\n\n<p><a href=\"https:\/\/municiudadvieja.gob.gt\/laip\/olaip\/marzo20\/21)%20Fideicomisos.pdf\">21. Fideicomisos<\/a><\/p>\n\n\n\n<p><a href=\"https:\/\/municiudadvieja.gob.gt\/laip\/olaip\/marzo20\/22)%20Compras%20Directas.pdf\">22 Compras directas<\/a><\/p>\n\n\n\n<p><a href=\"https:\/\/municiudadvieja.gob.gt\/laip\/olaip\/marzo20\/23)%20Auditorias%20Practicadas.pdf\">23. Auditorias Practicadas<\/a><\/p>\n\n\n\n<p><a href=\"https:\/\/municiudadvieja.gob.gt\/laip\/olaip\/marzo20\/Entidades%20Internacionales.pdf\">24. Entidades Internacionales<\/a><\/p>\n\n\n\n<p><a href=\"https:\/\/municiudadvieja.gob.gt\/laip\/olaip\/marzo20\/Entidades%20No%20Gubernamentales.pdf\">25. Entidades no gubernamentales o privadas<\/a><\/p>\n\n\n\n<p><a href=\"https:\/\/municiudadvieja.gob.gt\/laip\/olaip\/marzo20\/Informacion%20Clasificada.pdf\">27. Informaci\u00f3n Clasificada<\/a><\/p>\n\n\n\n<p><a href=\"https:\/\/municiudadvieja.gob.gt\/laip\/olaip\/marzo20\/Pertenencia%20Sociolinguistica.pdf\">28. Pertenencia Socio Ling\u00fc\u00edstica<\/a><\/p>\n","protected":false},"excerpt":{"rendered":"<p>1. Estructura Org\u00e1nica 2. Direcciones y Numero de Tel\u00e9fonos 3. Directorio de Empleados 4. Remuneraciones 5. Misi\u00f3n, Visi\u00f3n, Objetivos POA 6. Manuales de procedimientos 7. Presupuesto de Ingresos y Egresos 8 .1 Ejecuci\u00f3n presupuestaria de egresos febrero&nbsp; 2020 8.2 Ejecuci\u00f3n presupuestaria de ingresos&nbsp;&nbsp;2020 9. Dep\u00f3sitos con fondos p\u00fablicos febrero 2020 10. Procesos de Cotizaci\u00f3n y [&hellip;]<\/p>\n","protected":false},"author":3,"featured_media":0,"parent":0,"menu_order":0,"comment_status":"closed","ping_status":"closed","template":"","meta":{"pagelayer_contact_templates":[],"_pagelayer_content":"","_joinchat":[],"footnotes":""},"class_list":["post-383","page","type-page","status-publish","hentry"],"_links":{"self":[{"href":"https:\/\/municiudadvieja.gob.gt\/laip\/wp-json\/wp\/v2\/pages\/383"}],"collection":[{"href":"https:\/\/municiudadvieja.gob.gt\/laip\/wp-json\/wp\/v2\/pages"}],"about":[{"href":"https:\/\/municiudadvieja.gob.gt\/laip\/wp-json\/wp\/v2\/types\/page"}],"author":[{"embeddable":true,"href":"https:\/\/municiudadvieja.gob.gt\/laip\/wp-json\/wp\/v2\/users\/3"}],"replies":[{"embeddable":true,"href":"https:\/\/municiudadvieja.gob.gt\/laip\/wp-json\/wp\/v2\/comments?post=383"}],"version-history":[{"count":1,"href":"https:\/\/municiudadvieja.gob.gt\/laip\/wp-json\/wp\/v2\/pages\/383\/revisions"}],"predecessor-version":[{"id":385,"href":"https:\/\/municiudadvieja.gob.gt\/laip\/wp-json\/wp\/v2\/pages\/383\/revisions\/385"}],"wp:attachment":[{"href":"https:\/\/municiudadvieja.gob.gt\/laip\/wp-json\/wp\/v2\/media?parent=383"}],"curies":[{"name":"wp","href":"https:\/\/api.w.org\/{rel}","templated":true}]}}