{"id":379,"date":"2020-12-23T11:07:11","date_gmt":"2020-12-23T17:07:11","guid":{"rendered":"https:\/\/alterna.municiudadvieja.gob.gt\/wp\/?page_id=379"},"modified":"2022-03-30T10:49:39","modified_gmt":"2022-03-30T16:49:39","slug":"abril","status":"publish","type":"page","link":"https:\/\/municiudadvieja.gob.gt\/laip\/abril\/","title":{"rendered":"Abril"},"content":{"rendered":"\n<p><a href=\"https:\/\/municiudadvieja.gob.gt\/laip\/olaip\/abril20\/1)%20Organigrama%202020.pdf\">1. Estructura Org\u00e1nica<\/a><\/p>\n\n\n\n<p><a href=\"https:\/\/municiudadvieja.gob.gt\/laip\/olaip\/abril20\/3)%20Listado%20de%20Empleados%20Abril%202020.rar\">2. Direcciones y Numero de Tel\u00e9fonos<\/a><\/p>\n\n\n\n<p><a href=\"https:\/\/municiudadvieja.gob.gt\/laip\/olaip\/abril20\/3)%20Listado%20de%20Empleados%20Abril%202020.rar\">3. Directorio de Empleados<\/a><\/p>\n\n\n\n<p><a href=\"https:\/\/municiudadvieja.gob.gt\/laip\/olaip\/abril20\/4)%20Puestos%20y%20salarios%20abril%202020.rar\">4. Remuneraciones<\/a><\/p>\n\n\n\n<p><a href=\"https:\/\/municiudadvieja.gob.gt\/laip\/olaip\/abril20\/5)%20POA.pdf\">5. Misi\u00f3n, Visi\u00f3n, Objetivos POA<\/a><\/p>\n\n\n\n<p><a href=\"https:\/\/municiudadvieja.gob.gt\/laip\/olaip\/abril20\/6)%20Manuales%20de%20Procedimientos.pdf\">6. Manuales de procedimientos<\/a><\/p>\n\n\n\n<p><a href=\"https:\/\/municiudadvieja.gob.gt\/laip\/olaip\/abril20\/7)%20Presupuesto%20de%20Ingresos%20y%20Egresos.pdf\">7. Presupuesto de Ingresos y Egresos<\/a><\/p>\n\n\n\n<p><a href=\"https:\/\/municiudadvieja.gob.gt\/laip\/olaip\/abril20\/8)%20Informes%20de%20Ejecucion%20Presupuestaria.pdf\">8 .1 Ejecuci\u00f3n presupuestaria de egresos febrero&nbsp; 2020<\/a><\/p>\n\n\n\n<p><a href=\"https:\/\/municiudadvieja.gob.gt\/laip\/olaip\/abril20\/EJECUCION%20PRESUPUESTARIA%20DE%20INGRESOS%20MES%20DE%20FEBRERO%202020.pdf\">8.2 Ejecuci\u00f3n presupuestaria de ingresos&nbsp;&nbsp;2020<\/a><\/p>\n\n\n\n<p><a href=\"https:\/\/municiudadvieja.gob.gt\/laip\/olaip\/abril20\/9)%20Depositos%20Con%20Fondos%20Publicos.pdf\">9. Dep\u00f3sitos con fondos p\u00fablicos febrero 2020<\/a><\/p>\n\n\n\n<p><a href=\"https:\/\/municiudadvieja.gob.gt\/laip\/olaip\/abril20\/10)%20Procesos%20de%20Cotizacion%20y%20Licitacion.pdf\">10. Procesos de Cotizaci\u00f3n y Licitaci\u00f3n<\/a><\/p>\n\n\n\n<p><a href=\"https:\/\/municiudadvieja.gob.gt\/laip\/olaip\/abril20\/11)%20Contrataciones%20de%20Bienes%20y%20Servicios.pdf\">11. Contrataciones de bienes y Servicios<\/a><\/p>\n\n\n\n<p><a href=\"https:\/\/municiudadvieja.gob.gt\/laip\/olaip\/abril20\/12)%20Viajes%20Nacionales%20o%20Internacionales.pdf\">12. Viajes Nacionales o Internacionales<\/a><\/p>\n\n\n\n<p><a href=\"https:\/\/municiudadvieja.gob.gt\/laip\/olaip\/abril20\/13)Inventario%20de%20Bienes%20Y%20Muebles.pdf\">13. Inventario municipal Ciudad Vieja Sacatep\u00e9quez,<\/a><\/p>\n\n\n\n<p><a href=\"https:\/\/municiudadvieja.gob.gt\/laip\/olaip\/abril20\/14)%20Contratos%20de%20Mantenimiento.pdf\">14. Contratos de Mantenimiento<\/a><\/p>\n\n\n\n<p><a href=\"https:\/\/municiudadvieja.gob.gt\/laip\/olaip\/abril20\/15)%20Programas%20de%20Becas%20o%20Subcidios.pdf\">15. Programa de Becas o Transferencias<\/a><\/p>\n\n\n\n<p><a href=\"https:\/\/municiudadvieja.gob.gt\/laip\/olaip\/abril20\/16)%20Contratos%20de%20Licencias%20o%20Conceciones.pdf\">16. Contrato de Licencias o Concesiones<\/a><\/p>\n\n\n\n<p><a href=\"https:\/\/municiudadvieja.gob.gt\/laip\/olaip\/abril20\/17)%20Listado%20de%20Empresas%20Pre%20Calificadas.pdf\">17. Listado de Empresas Pre Calificadas<\/a><\/p>\n\n\n\n<p><a href=\"https:\/\/municiudadvieja.gob.gt\/laip\/olaip\/abril20\/18)%20Listado%20de%20Obras%20Ejecutadas.pdf\">18. Obras en Ejecuci\u00f3n o Ejecutadas<\/a><\/p>\n\n\n\n<p><a href=\"https:\/\/municiudadvieja.gob.gt\/laip\/olaip\/abril20\/19)%20Contratos%20de%20Arrendamiento.pdf\">19. Contratos de Arrendamientos<\/a><\/p>\n\n\n\n<p><a href=\"https:\/\/municiudadvieja.gob.gt\/laip\/olaip\/abril20\/20)%20Contrataciones%20por%20Cotizacion%20y%20Licitacion.pdf\">20. Contratos de Cotizaci\u00f3n y Licitaci\u00f3n<\/a><\/p>\n\n\n\n<p><a href=\"https:\/\/municiudadvieja.gob.gt\/laip\/olaip\/abril20\/21)%20Fideicomisos.pdf\">21. Fideicomisos<\/a><\/p>\n\n\n\n<p><a href=\"https:\/\/municiudadvieja.gob.gt\/laip\/olaip\/abril20\/22)%20Compras%20Directas.pdf\">22 Compras directas<\/a><\/p>\n\n\n\n<p><a href=\"https:\/\/municiudadvieja.gob.gt\/laip\/olaip\/abril20\/23)%20Auditorias%20Practicadas.pdf\">23 Auditorias practicadas<\/a><\/p>\n\n\n\n<p><a href=\"https:\/\/municiudadvieja.gob.gt\/laip\/olaip\/abril20\/24)%20Entidades%20Internacionales.pdf\">24. Entidades Internacionales<\/a><\/p>\n\n\n\n<p><a href=\"https:\/\/municiudadvieja.gob.gt\/laip\/olaip\/abril20\/25)%20Entidades%20No%20Gubernamentales.pdf\">25. Entidades no gubernamentales o privadas<\/a><\/p>\n\n\n\n<p><a href=\"https:\/\/municiudadvieja.gob.gt\/laip\/olaip\/abril20\/27)%20Informaci%C3%B3n%20Clasificada.pdf\">27. Informaci\u00f3n Clasificada<\/a><\/p>\n\n\n\n<p><a href=\"https:\/\/municiudadvieja.gob.gt\/laip\/olaip\/abril20\/28)%20Socioling%C3%BCistica.pdf\">28. Pertenencia Socio Ling\u00fc\u00edstica<\/a><\/p>\n","protected":false},"excerpt":{"rendered":"<p>1. Estructura Org\u00e1nica 2. Direcciones y Numero de Tel\u00e9fonos 3. Directorio de Empleados 4. Remuneraciones 5. Misi\u00f3n, Visi\u00f3n, Objetivos POA 6. Manuales de procedimientos 7. Presupuesto de Ingresos y Egresos 8 .1 Ejecuci\u00f3n presupuestaria de egresos febrero&nbsp; 2020 8.2 Ejecuci\u00f3n presupuestaria de ingresos&nbsp;&nbsp;2020 9. Dep\u00f3sitos con fondos p\u00fablicos febrero 2020 10. Procesos de Cotizaci\u00f3n y [&hellip;]<\/p>\n","protected":false},"author":5,"featured_media":0,"parent":0,"menu_order":0,"comment_status":"closed","ping_status":"closed","template":"","meta":{"pagelayer_contact_templates":[],"_pagelayer_content":"","_joinchat":[],"footnotes":""},"class_list":["post-379","page","type-page","status-publish","hentry"],"_links":{"self":[{"href":"https:\/\/municiudadvieja.gob.gt\/laip\/wp-json\/wp\/v2\/pages\/379"}],"collection":[{"href":"https:\/\/municiudadvieja.gob.gt\/laip\/wp-json\/wp\/v2\/pages"}],"about":[{"href":"https:\/\/municiudadvieja.gob.gt\/laip\/wp-json\/wp\/v2\/types\/page"}],"author":[{"embeddable":true,"href":"https:\/\/municiudadvieja.gob.gt\/laip\/wp-json\/wp\/v2\/users\/5"}],"replies":[{"embeddable":true,"href":"https:\/\/municiudadvieja.gob.gt\/laip\/wp-json\/wp\/v2\/comments?post=379"}],"version-history":[{"count":1,"href":"https:\/\/municiudadvieja.gob.gt\/laip\/wp-json\/wp\/v2\/pages\/379\/revisions"}],"predecessor-version":[{"id":381,"href":"https:\/\/municiudadvieja.gob.gt\/laip\/wp-json\/wp\/v2\/pages\/379\/revisions\/381"}],"wp:attachment":[{"href":"https:\/\/municiudadvieja.gob.gt\/laip\/wp-json\/wp\/v2\/media?parent=379"}],"curies":[{"name":"wp","href":"https:\/\/api.w.org\/{rel}","templated":true}]}}