{"id":363,"date":"2020-12-23T10:46:33","date_gmt":"2020-12-23T16:46:33","guid":{"rendered":"https:\/\/alterna.municiudadvieja.gob.gt\/wp\/?page_id=363"},"modified":"2022-03-30T10:49:39","modified_gmt":"2022-03-30T16:49:39","slug":"agosto","status":"publish","type":"page","link":"https:\/\/municiudadvieja.gob.gt\/laip\/agosto\/","title":{"rendered":"Agosto"},"content":{"rendered":"\n<p><a href=\"https:\/\/drive.google.com\/file\/d\/183xLplf8U7kRX8amFBQD4uuTccR1zn1o\/view?usp=sharing\">1. Estructura Org\u00e1nica<\/a><\/p>\n\n\n\n<p><a href=\"https:\/\/drive.google.com\/file\/d\/1kVX_TG3pl4ZhdZN7-LE18jK0T4goEjXj\/view?usp=sharing\">2. Direcciones y Numero de Tel\u00e9fonos<\/a><\/p>\n\n\n\n<p><a href=\"https:\/\/drive.google.com\/file\/d\/1x2Yp_eI1TtlRmz5OsQTsiDiweH3h9DxK\/view?usp=sharing\">3. Directorio de Empleados<\/a><\/p>\n\n\n\n<p><a href=\"https:\/\/drive.google.com\/file\/d\/1VpCWlcZcW9OujFwcjsAQ-ptZFl3i3FH4\/view?usp=sharing\">4. Remuneraciones<\/a><\/p>\n\n\n\n<p><a href=\"https:\/\/drive.google.com\/file\/d\/1qQNQWpr1XXzO-L-PkOxYNOUOBdRwpyld\/view?usp=sharing\">5. Misi\u00f3n, Visi\u00f3n, Objetivos POA<\/a><\/p>\n\n\n\n<p><a href=\"https:\/\/drive.google.com\/file\/d\/1VMPsdSppDOiM-C-faQfd2ToFD46mDv_Q\/view?usp=sharing\">6. Manuales de procedimientos<\/a><\/p>\n\n\n\n<p><a href=\"https:\/\/drive.google.com\/file\/d\/1Yk85QN_QBa2bqRPd_DATOx35X6qYJ3Xq\/view?usp=sharing\">7. Presupuesto de Ingresos y Egresos<\/a><\/p>\n\n\n\n<p><a href=\"https:\/\/drive.google.com\/file\/d\/1ZLb2oXJbmf_R_YYQlHqr_HhVfou9OREP\/view?usp=sharing\">8&nbsp; Ejecuci\u00f3n presupuestaria de egresos&nbsp;<\/a><\/p>\n\n\n\n<p><a href=\"https:\/\/drive.google.com\/file\/d\/1_1CDK-ewueEigS51UjI2cjdPSl5t4SIg\/view?usp=sharing\">9. Dep\u00f3sitos con fondos p\u00fablicos febrero 2020<\/a><\/p>\n\n\n\n<p><a href=\"https:\/\/drive.google.com\/file\/d\/1GB2LiiezngpuTtVBsKQmETffqHjvMtJs\/view?usp=sharing\">10. Procesos de Cotizaci\u00f3n y Licitaci\u00f3n<\/a><\/p>\n\n\n\n<p><a href=\"https:\/\/drive.google.com\/file\/d\/1KSFmQTSW7UMf9yG2Z1OipD61D789XVeY\/view?usp=sharing\">11. Contrataciones de bienes y Servicios<\/a><\/p>\n\n\n\n<p><a href=\"https:\/\/drive.google.com\/file\/d\/1LGJfeLKBIeme3DBaNOuXTUKBP7cqJD15\/view?usp=sharing\">12. Viajes Nacionales o Internacionales<\/a><\/p>\n\n\n\n<p><a href=\"https:\/\/drive.google.com\/file\/d\/1CNxh0ZmXtK24E3Bh6rz75B5mFR3q1Z4j\/view?usp=sharing\">13. Inventario municipal Ciudad Vieja Sacatep\u00e9quez,<\/a><\/p>\n\n\n\n<p><a href=\"https:\/\/drive.google.com\/file\/d\/1Xqk2-LDd2g9MXalffch6swNmMOPeyBKV\/view?usp=sharing\">14. Contratos de Mantenimiento<\/a><\/p>\n\n\n\n<p><a href=\"https:\/\/drive.google.com\/file\/d\/1wxhCD36eu9IzcgDY_8CMdwhdEolTn1Ez\/view?usp=sharing\">15. Programa de Becas o Transferencias<\/a><\/p>\n\n\n\n<p><a href=\"https:\/\/drive.google.com\/file\/d\/16XzcrANsDdFVtLHjv4PFMMAPjXe0Vma1\/view?usp=sharing\">16. Contrato de Licencias o Concesiones<\/a><\/p>\n\n\n\n<p><a href=\"https:\/\/drive.google.com\/file\/d\/1IyCwkIg4iXfPVVx813FdShUm5XBVwOW7\/view?usp=sharing\">17. Listado de Empresas Pre Calificadas<\/a><\/p>\n\n\n\n<p><a href=\"https:\/\/drive.google.com\/file\/d\/1YZE9WtyLoQ6p46kwX1QVNph5kBNZJv-H\/view?usp=sharing\">18. Obras en Ejecuci\u00f3n o Ejecutadas<\/a><\/p>\n\n\n\n<p><a href=\"https:\/\/drive.google.com\/file\/d\/14bL1SOfJ0YiiYN6Sy84HDQ4VblVFaXxC\/view?usp=sharing\">19. Contratos de Arrendamientos<\/a><\/p>\n\n\n\n<p><a href=\"https:\/\/drive.google.com\/file\/d\/1RCG--z8xnJ7e4oPgpr7sdRaXTXWrBRYJ\/view?usp=sharing\">20. Contratos de Cotizaci\u00f3n y Licitaci\u00f3n<\/a><\/p>\n\n\n\n<p><a href=\"https:\/\/drive.google.com\/file\/d\/1hGOP1k0q5iHsMhzSpt9IbDs0zChHSdpK\/view?usp=sharing\">21. Fideicomisos<\/a><\/p>\n\n\n\n<p><a href=\"https:\/\/drive.google.com\/file\/d\/1Tge3E0LPAOnr61SLHD6JB9N9RFrn5Ut8\/view?usp=sharing\">22 Compras directas<\/a><\/p>\n\n\n\n<p><a href=\"https:\/\/drive.google.com\/file\/d\/1WuyMg2oeWoZOLp4PNV2Ungq4-gE2hR6k\/view?usp=sharing\">23 Auditorias practicadas<\/a><\/p>\n\n\n\n<p><a href=\"https:\/\/drive.google.com\/file\/d\/1zLV0TkL9juHdKITBhNenWovE2MGm0UlD\/view?usp=sharing\">24. Entidades Internacionales<\/a><\/p>\n\n\n\n<p><a href=\"https:\/\/drive.google.com\/file\/d\/1uGwfGz0h7mLsbbQpOHa_TavOinNz2bzy\/view?usp=sharing\">25. Entidades no gubernamentales o privadas<\/a><\/p>\n\n\n\n<p><a href=\"https:\/\/drive.google.com\/file\/d\/1Dw4J1P-0-nuflf8s6zHplK7Mk0f2WVVa\/view?usp=sharing\">27. Informaci\u00f3n Clasificada<\/a><\/p>\n\n\n\n<p><a href=\"https:\/\/drive.google.com\/file\/d\/18oWqd3xJX_SfiAFLnCED4Pj9FKer5ZZI\/view?usp=sharing\">28. Pertenencia Socio Ling\u00fc\u00edstica<\/a><\/p>\n","protected":false},"excerpt":{"rendered":"<p>1. Estructura Org\u00e1nica 2. Direcciones y Numero de Tel\u00e9fonos 3. Directorio de Empleados 4. Remuneraciones 5. Misi\u00f3n, Visi\u00f3n, Objetivos POA 6. Manuales de procedimientos 7. Presupuesto de Ingresos y Egresos 8&nbsp; Ejecuci\u00f3n presupuestaria de egresos&nbsp; 9. Dep\u00f3sitos con fondos p\u00fablicos febrero 2020 10. Procesos de Cotizaci\u00f3n y Licitaci\u00f3n 11. Contrataciones de bienes y Servicios 12. [&hellip;]<\/p>\n","protected":false},"author":5,"featured_media":0,"parent":0,"menu_order":0,"comment_status":"closed","ping_status":"closed","template":"","meta":{"pagelayer_contact_templates":[],"_pagelayer_content":"","_joinchat":[],"footnotes":""},"class_list":["post-363","page","type-page","status-publish","hentry"],"_links":{"self":[{"href":"https:\/\/municiudadvieja.gob.gt\/laip\/wp-json\/wp\/v2\/pages\/363"}],"collection":[{"href":"https:\/\/municiudadvieja.gob.gt\/laip\/wp-json\/wp\/v2\/pages"}],"about":[{"href":"https:\/\/municiudadvieja.gob.gt\/laip\/wp-json\/wp\/v2\/types\/page"}],"author":[{"embeddable":true,"href":"https:\/\/municiudadvieja.gob.gt\/laip\/wp-json\/wp\/v2\/users\/5"}],"replies":[{"embeddable":true,"href":"https:\/\/municiudadvieja.gob.gt\/laip\/wp-json\/wp\/v2\/comments?post=363"}],"version-history":[{"count":1,"href":"https:\/\/municiudadvieja.gob.gt\/laip\/wp-json\/wp\/v2\/pages\/363\/revisions"}],"predecessor-version":[{"id":365,"href":"https:\/\/municiudadvieja.gob.gt\/laip\/wp-json\/wp\/v2\/pages\/363\/revisions\/365"}],"wp:attachment":[{"href":"https:\/\/municiudadvieja.gob.gt\/laip\/wp-json\/wp\/v2\/media?parent=363"}],"curies":[{"name":"wp","href":"https:\/\/api.w.org\/{rel}","templated":true}]}}