{"id":359,"date":"2020-12-23T10:40:28","date_gmt":"2020-12-23T16:40:28","guid":{"rendered":"https:\/\/alterna.municiudadvieja.gob.gt\/wp\/?page_id=359"},"modified":"2020-12-23T10:40:28","modified_gmt":"2020-12-23T16:40:28","slug":"septiembre","status":"publish","type":"page","link":"https:\/\/municiudadvieja.gob.gt\/laip\/septiembre\/","title":{"rendered":"Septiembre"},"content":{"rendered":"\n<p><a href=\"https:\/\/drive.google.com\/file\/d\/1wLGmAh_nBPPGDof0Xstz1SBmuhw7ETqa\/view?usp=sharing\">1. Estructura Org\u00e1nica<\/a><\/p>\n\n\n\n<p><a href=\"https:\/\/drive.google.com\/file\/d\/1mvy0iEw0aPUchAYC-t4EVu8CMCaslc3E\/view?usp=sharing\">2. Direcciones y Numero de Tel\u00e9fonos<\/a><\/p>\n\n\n\n<p><a href=\"https:\/\/drive.google.com\/file\/d\/11PDdLolbVWmimdfhwjBGExpCjeE6XLnm\/view?usp=sharing\">3. Directorio de Empleados<\/a><\/p>\n\n\n\n<p><a href=\"https:\/\/drive.google.com\/file\/d\/1KlP0ItKaHB8Y9RL6pigNEb6mu0ACwjuh\/view?usp=sharing\">4. Remuneraciones<\/a><\/p>\n\n\n\n<p><a href=\"https:\/\/drive.google.com\/file\/d\/1KDcVu3I-vEVZ73dt634hJbBvHNni2LnV\/view?usp=sharing\">5. Misi\u00f3n, Visi\u00f3n, Objetivos POA<\/a><\/p>\n\n\n\n<p><a href=\"https:\/\/drive.google.com\/file\/d\/1yWA_3tsfCY0c8zL9-QG7LYgteAucgIta\/view?usp=sharing\">6. Manuales de procedimientos<\/a><\/p>\n\n\n\n<p>7.<a href=\"https:\/\/drive.google.com\/file\/d\/1yMt-QhCCPmVuSSkpvIL3kDWgcC9P4YI3\/view?usp=sharing\">&nbsp;Presupuesto de Ingresos y Egresos<\/a><\/p>\n\n\n\n<p><a href=\"https:\/\/drive.google.com\/file\/d\/1OO06qkN8gxHPnELorptJXL4tdg6h8DTY\/view?usp=sharing\">8&nbsp; Ejecuci\u00f3n presupuestaria de egresos<\/a><\/p>\n\n\n\n<p><a href=\"https:\/\/drive.google.com\/file\/d\/11VTCdzPuqwT4rtaOeA26EgTGUXsEJ6Ty\/view?usp=sharing\">9. Dep\u00f3sitos con fondos p\u00fablicos febrero 2020<\/a><\/p>\n\n\n\n<p><a href=\"https:\/\/drive.google.com\/file\/d\/1zDW-dvwFElCXQJmtoo_aA21tOGoNxxvE\/view?usp=sharing\">10. Procesos de Cotizaci\u00f3n y Licitaci\u00f3n<\/a><\/p>\n\n\n\n<p><a href=\"https:\/\/drive.google.com\/file\/d\/1KSFmQTSW7UMf9yG2Z1OipD61D789XVeY\/view?usp=sharing\">11. Contrataciones de bienes y Servicios<\/a><\/p>\n\n\n\n<p><a href=\"https:\/\/drive.google.com\/file\/d\/1BtnC0MCxi6S1kLRzqZJiUprKUpCt5vxd\/view?usp=sharing\">12. Viajes Nacionales o Internacionales<\/a><\/p>\n\n\n\n<p><a href=\"https:\/\/drive.google.com\/file\/d\/1e2r7UOYpIUP1ew_TvseZgF3M88HMYJ46\/view?usp=sharing\">13. Inventario municipal Ciudad Vieja Sacatep\u00e9quez<\/a>,<\/p>\n\n\n\n<p><a href=\"https:\/\/drive.google.com\/file\/d\/1GqBU-YxPYRMSqskXna1UkWfg27L3vQBV\/view?usp=sharing\">14. Contratos de Mantenimiento<\/a><\/p>\n\n\n\n<p><a href=\"https:\/\/drive.google.com\/file\/d\/1Prm2GWk-41HZXa74SIe6BjV8Q4bAFBEx\/view?usp=sharing\">15. Programa de Becas o Transferencias<\/a><\/p>\n\n\n\n<p><a href=\"https:\/\/drive.google.com\/file\/d\/1qaGP6b2aieS9QkGfpORzK_-KPsCfr2vl\/view?usp=sharing\">16. Contrato de Licencias o Concesiones<\/a><\/p>\n\n\n\n<p><a href=\"https:\/\/drive.google.com\/file\/d\/1lpolKyd66FrKbYfVvwKhzdJVBkqcoi1d\/view?usp=sharing\">17. Listado de Empresas Pre Calificadas<\/a><\/p>\n\n\n\n<p><a href=\"https:\/\/drive.google.com\/file\/d\/10C0cE7g1G49fE0jYy8J43Qc9VTrjuGVB\/view?usp=sharing\">18. Obras en Ejecuci\u00f3n o Ejecutadas<\/a><\/p>\n\n\n\n<p><a href=\"https:\/\/drive.google.com\/file\/d\/1nMtpBOyNhLILksmwa0gtyCH2V5iMcEq2\/view?usp=sharing\">19. Contratos de Arrendamientos<\/a><\/p>\n\n\n\n<p><a href=\"https:\/\/drive.google.com\/file\/d\/1YqJgTUKS83YFeYsK_Dw6uM8tH76HqF7e\/view?usp=sharing\">20. Contratos de Cotizaci\u00f3n y Licitaci\u00f3n<\/a><\/p>\n\n\n\n<p><a href=\"https:\/\/drive.google.com\/file\/d\/1jsAhgliWYnpmoR7FXE7UspNOlPis-aim\/view?usp=sharing\">21. Fideicomisos<\/a><\/p>\n\n\n\n<p><a href=\"https:\/\/drive.google.com\/file\/d\/10DXAF7zBpGQbYTqkhLp1A8BxJR8WitAY\/view?usp=sharing\">22 Compras directas<\/a><\/p>\n\n\n\n<p><a href=\"https:\/\/drive.google.com\/file\/d\/1EgIyz_Phg98J8EJtG9lu-peLjNRDNFd0\/view?usp=sharing\">23 Auditorias practicadas<\/a><\/p>\n\n\n\n<p><a href=\"https:\/\/drive.google.com\/file\/d\/10UYmieA1bS7Lx01GhWFwlxYWBAo5NPtr\/view?usp=sharing\">24. Entidades Internacionales<\/a><\/p>\n\n\n\n<p><a href=\"https:\/\/drive.google.com\/file\/d\/1jD4bkZW_TW-Wxeiw9T-hCsvRfEhEmcgQ\/view?usp=sharing\">25. Entidades no gubernamentales o privadas<\/a><\/p>\n\n\n\n<p><a href=\"https:\/\/drive.google.com\/file\/d\/17lcMbMtZ5RgvRkXot4k-rjxPWBfB6BV7\/view?usp=sharing\">27. Informaci\u00f3n Clasificada<\/a><\/p>\n\n\n\n<p><a href=\"https:\/\/drive.google.com\/file\/d\/1UfbBPyuTxSu6dXeR2g375vhG4VU5nZ-k\/view?usp=sharing\">28. Pertenencia Socio Ling\u00fc\u00edstica<\/a><\/p>\n","protected":false},"excerpt":{"rendered":"<p>1. Estructura Org\u00e1nica 2. Direcciones y Numero de Tel\u00e9fonos 3. Directorio de Empleados 4. Remuneraciones 5. Misi\u00f3n, Visi\u00f3n, Objetivos POA 6. Manuales de procedimientos 7.&nbsp;Presupuesto de Ingresos y Egresos 8&nbsp; Ejecuci\u00f3n presupuestaria de egresos 9. Dep\u00f3sitos con fondos p\u00fablicos febrero 2020 10. Procesos de Cotizaci\u00f3n y Licitaci\u00f3n 11. Contrataciones de bienes y Servicios 12. Viajes [&hellip;]<\/p>\n","protected":false},"author":3,"featured_media":0,"parent":0,"menu_order":0,"comment_status":"closed","ping_status":"closed","template":"","meta":{"pagelayer_contact_templates":[],"_pagelayer_content":"","_joinchat":[],"footnotes":""},"class_list":["post-359","page","type-page","status-publish","hentry"],"_links":{"self":[{"href":"https:\/\/municiudadvieja.gob.gt\/laip\/wp-json\/wp\/v2\/pages\/359"}],"collection":[{"href":"https:\/\/municiudadvieja.gob.gt\/laip\/wp-json\/wp\/v2\/pages"}],"about":[{"href":"https:\/\/municiudadvieja.gob.gt\/laip\/wp-json\/wp\/v2\/types\/page"}],"author":[{"embeddable":true,"href":"https:\/\/municiudadvieja.gob.gt\/laip\/wp-json\/wp\/v2\/users\/3"}],"replies":[{"embeddable":true,"href":"https:\/\/municiudadvieja.gob.gt\/laip\/wp-json\/wp\/v2\/comments?post=359"}],"version-history":[{"count":1,"href":"https:\/\/municiudadvieja.gob.gt\/laip\/wp-json\/wp\/v2\/pages\/359\/revisions"}],"predecessor-version":[{"id":361,"href":"https:\/\/municiudadvieja.gob.gt\/laip\/wp-json\/wp\/v2\/pages\/359\/revisions\/361"}],"wp:attachment":[{"href":"https:\/\/municiudadvieja.gob.gt\/laip\/wp-json\/wp\/v2\/media?parent=359"}],"curies":[{"name":"wp","href":"https:\/\/api.w.org\/{rel}","templated":true}]}}