{"id":355,"date":"2020-12-23T10:32:17","date_gmt":"2020-12-23T16:32:17","guid":{"rendered":"https:\/\/alterna.municiudadvieja.gob.gt\/wp\/?page_id=355"},"modified":"2020-12-23T10:32:17","modified_gmt":"2020-12-23T16:32:17","slug":"octubre","status":"publish","type":"page","link":"https:\/\/municiudadvieja.gob.gt\/laip\/octubre\/","title":{"rendered":"Octubre"},"content":{"rendered":"\n<p><a href=\"https:\/\/drive.google.com\/file\/d\/1oU0qmvHIa7VNXI7aCpfznIljpwIHzVBV\/view?usp=sharing\">1. Estructura Org\u00e1nica<\/a><\/p>\n\n\n\n<p><a href=\"https:\/\/drive.google.com\/file\/d\/1euF3zp-6Zq5JdXtiPwpOqD24nZvX8mbq\/view?usp=sharing\">2. Direcciones y Numero de Tel\u00e9fonos<\/a><\/p>\n\n\n\n<p><a href=\"https:\/\/drive.google.com\/file\/d\/1t8rsHakj-lYzEqt0KBceW4A8ICPkTGKU\/view?usp=sharing\">3. Directorio de Empleados<\/a><\/p>\n\n\n\n<p><a href=\"https:\/\/drive.google.com\/file\/d\/14PmXpvJg1XIVyRz7lP3n66y8UqLmbCOF\/view?usp=sharing\">4. Remuneraciones<\/a><\/p>\n\n\n\n<p><a href=\"https:\/\/drive.google.com\/file\/d\/1GofzVgIepEuwetVYC8Lfhd4OwSIaphBg\/view?usp=sharing\">5. Misi\u00f3n, Visi\u00f3n, Objetivos POA<\/a><\/p>\n\n\n\n<p><a href=\"https:\/\/drive.google.com\/file\/d\/14Bu3CaUGbkUtZtSfRaiOI8nPU2p15bqD\/view?usp=sharing\">6. Manuales de procedimientos<\/a><\/p>\n\n\n\n<p>7.<a href=\"https:\/\/drive.google.com\/file\/d\/1zeBpCc69uPSeDZFolq8-0_hWefiqPyzP\/view?usp=sharing\">&nbsp;Presupuesto de Ingresos y Egresos<\/a><\/p>\n\n\n\n<p><a href=\"https:\/\/drive.google.com\/file\/d\/16NrlVDc4bODMTt0m2LbwU-LFELiFTJF5\/view?usp=sharing\">8&nbsp; Ejecuci\u00f3n presupuestaria de egresos<\/a><\/p>\n\n\n\n<p><a href=\"https:\/\/drive.google.com\/file\/d\/12HDGd6PA8bTNl_2uFQyzgmnf8wyJbhi3\/view?usp=sharing\">9. Dep\u00f3sitos con fondos p\u00fablicos febrero 2020<\/a><\/p>\n\n\n\n<p><a href=\"https:\/\/drive.google.com\/file\/d\/19mD5GU6qjge0wYvRs6qyf5vP-jBob5_2\/view?usp=sharing\">10. Procesos de Cotizaci\u00f3n y Licitaci\u00f3n<\/a><\/p>\n\n\n\n<p><a href=\"https:\/\/drive.google.com\/file\/d\/1sXxMBPgkNkd0SMr96UdrddrrSRzURKfJ\/view?usp=sharing\">11. Contrataciones de bienes y Servicios<\/a><\/p>\n\n\n\n<p><a href=\"https:\/\/drive.google.com\/file\/d\/1XWA-YjiUie-Q60LF5vARH3impHGPAl39\/view?usp=sharing\">12. Viajes Nacionales o Internacionales<\/a><\/p>\n\n\n\n<p><a href=\"https:\/\/drive.google.com\/file\/d\/1n6FgRKuc960cFstgR9pFQ_HpzoDhsybY\/view?usp=sharing\">13. Inventario municipal Ciudad Vieja Sacatep\u00e9quez<\/a>,<\/p>\n\n\n\n<p><a href=\"https:\/\/drive.google.com\/file\/d\/1vwUPUcEcyOi7ip3i7IMN1VYoRNXlfMu0\/view?usp=sharing\">14. Contratos de Mantenimiento<\/a><\/p>\n\n\n\n<p><a href=\"https:\/\/drive.google.com\/file\/d\/1tmWWOA108HkzeTwGG8XRCuc5WzaGbExF\/view?usp=sharing\">15. Programa de Becas o Transferencias<\/a><\/p>\n\n\n\n<p><a href=\"https:\/\/drive.google.com\/file\/d\/1phMOCQLqRF7rcXdEcyL1re4Iq_ipsiWe\/view?usp=sharing\">16. Contrato de Licencias o Concesiones<\/a><\/p>\n\n\n\n<p><a href=\"https:\/\/drive.google.com\/file\/d\/1NElpVGYWzHhbQPH8WK73CwtiCehQiDGd\/view?usp=sharing\">17. Listado de Empresas Pre Calificadas<\/a><\/p>\n\n\n\n<p><a href=\"https:\/\/drive.google.com\/file\/d\/1XxTd_33JVAbpwaWqb2svFX8NVeTeKSs4\/view?usp=sharing\">18. Obras en Ejecuci\u00f3n o Ejecutadas<\/a><\/p>\n\n\n\n<p><a href=\"https:\/\/drive.google.com\/file\/d\/1X19ALjHNn_-HDvfBMX4ABtjMiS1wfEXO\/view?usp=sharing\">19. Contratos de Arrendamientos<\/a><\/p>\n\n\n\n<p><a href=\"https:\/\/drive.google.com\/file\/d\/1yQP4TxvZzI17Jiof2a6ly8a7-MQNrFzW\/view?usp=sharing\">20. Contratos de Cotizaci\u00f3n y Licitaci\u00f3n<\/a><\/p>\n\n\n\n<p><a href=\"https:\/\/drive.google.com\/file\/d\/1L-xirFV-L92BtljzuqddNRXKWnNMictk\/view?usp=sharing\">21. Fideicomisos<\/a><\/p>\n\n\n\n<p><a href=\"https:\/\/drive.google.com\/file\/d\/1cCZQ4HhyAqsu5xIs5twXfA1NVuZY3QEC\/view?usp=sharing\">22 Compras directas<\/a><\/p>\n\n\n\n<p><a href=\"https:\/\/drive.google.com\/file\/d\/14d5FWxdKSrIJzI4dRaK7vfAbMpxYf0KL\/view?usp=sharing\">23 Auditorias practicadas<\/a><\/p>\n\n\n\n<p><a href=\"https:\/\/drive.google.com\/file\/d\/1ceYQS-MN0jxXy3obpB5XOu5oeCtcpwsb\/view?usp=sharing\">24. Entidades Internacionales<\/a><\/p>\n\n\n\n<p><a href=\"https:\/\/drive.google.com\/file\/d\/19vhk4QWncc8xIGfahBOg2PFykrYPzhAc\/view?usp=sharing\">25. Entidades no gubernamentales o privadas<\/a><\/p>\n\n\n\n<p><a href=\"https:\/\/drive.google.com\/file\/d\/1M2KIjTPq5eXUAanGLXE8YWl6wN9-ZTTO\/view?usp=sharing\">26.Informe de archivo<\/a><\/p>\n\n\n\n<p><a href=\"https:\/\/drive.google.com\/file\/d\/19xCoiealDwmTjIwje3m5597lFBqb4VmI\/view?usp=sharing\">27. Informaci\u00f3n Clasificada<\/a><\/p>\n\n\n\n<p><a href=\"https:\/\/drive.google.com\/file\/d\/1u4AnPjo2KvSMDdH8jPTuHKMWdObtq5bE\/view?usp=sharing\">28. Pertenencia Socio Ling\u00fc\u00edstica<\/a><\/p>\n","protected":false},"excerpt":{"rendered":"<p>1. Estructura Org\u00e1nica 2. Direcciones y Numero de Tel\u00e9fonos 3. Directorio de Empleados 4. Remuneraciones 5. Misi\u00f3n, Visi\u00f3n, Objetivos POA 6. Manuales de procedimientos 7.&nbsp;Presupuesto de Ingresos y Egresos 8&nbsp; Ejecuci\u00f3n presupuestaria de egresos 9. Dep\u00f3sitos con fondos p\u00fablicos febrero 2020 10. Procesos de Cotizaci\u00f3n y Licitaci\u00f3n 11. Contrataciones de bienes y Servicios 12. Viajes [&hellip;]<\/p>\n","protected":false},"author":3,"featured_media":0,"parent":0,"menu_order":0,"comment_status":"closed","ping_status":"closed","template":"","meta":{"pagelayer_contact_templates":[],"_pagelayer_content":"","_joinchat":[],"footnotes":""},"class_list":["post-355","page","type-page","status-publish","hentry"],"_links":{"self":[{"href":"https:\/\/municiudadvieja.gob.gt\/laip\/wp-json\/wp\/v2\/pages\/355"}],"collection":[{"href":"https:\/\/municiudadvieja.gob.gt\/laip\/wp-json\/wp\/v2\/pages"}],"about":[{"href":"https:\/\/municiudadvieja.gob.gt\/laip\/wp-json\/wp\/v2\/types\/page"}],"author":[{"embeddable":true,"href":"https:\/\/municiudadvieja.gob.gt\/laip\/wp-json\/wp\/v2\/users\/3"}],"replies":[{"embeddable":true,"href":"https:\/\/municiudadvieja.gob.gt\/laip\/wp-json\/wp\/v2\/comments?post=355"}],"version-history":[{"count":1,"href":"https:\/\/municiudadvieja.gob.gt\/laip\/wp-json\/wp\/v2\/pages\/355\/revisions"}],"predecessor-version":[{"id":357,"href":"https:\/\/municiudadvieja.gob.gt\/laip\/wp-json\/wp\/v2\/pages\/355\/revisions\/357"}],"wp:attachment":[{"href":"https:\/\/municiudadvieja.gob.gt\/laip\/wp-json\/wp\/v2\/media?parent=355"}],"curies":[{"name":"wp","href":"https:\/\/api.w.org\/{rel}","templated":true}]}}